{"id":5333,"date":"2022-12-20T08:40:55","date_gmt":"2022-12-20T07:40:55","guid":{"rendered":"https:\/\/www.click-and-bike.com\/?post_type=product&#038;p=5333"},"modified":"2023-06-27T17:04:20","modified_gmt":"2023-06-27T15:04:20","slug":"siege-bebe","status":"publish","type":"product","link":"https:\/\/www.click-and-bike.com\/en\/produit\/siege-bebe\/","title":{"rendered":"Si\u00e8ge B\u00e9b\u00e9"},"content":{"rendered":"","protected":false},"excerpt":{"rendered":"<ul>\n<li><span class=\"c-detail__text\">22 Kg<\/span><\/li>\n<li><span class=\"c-detail__text\">Se tenir assis<\/span><\/li>\n<li><span class=\"c-detail__text\">Fixation sur porte bagage<\/span><\/li>\n<li><span class=\"c-detail__text\">Accessoires<\/span><\/li>\n<\/ul>\n","protected":false},"featured_media":4822,"template":"","meta":{"_seopress_robots_primary_cat":"none","_seopress_titles_title":"","_seopress_titles_desc":"","_seopress_robots_index":""},"product_brand":[],"product_cat":[367],"product_tag":[],"class_list":{"0":"post-5333","1":"product","2":"type-product","3":"status-publish","4":"has-post-thumbnail","6":"product_cat-accessoires","8":"first","9":"instock","10":"taxable","11":"shipping-taxable","12":"purchasable","13":"product-type-simple"},"_links":{"self":[{"href":"https:\/\/www.click-and-bike.com\/en\/wp-json\/wp\/v2\/product\/5333","targetHints":{"allow":["GET"]}}],"collection":[{"href":"https:\/\/www.click-and-bike.com\/en\/wp-json\/wp\/v2\/product"}],"about":[{"href":"https:\/\/www.click-and-bike.com\/en\/wp-json\/wp\/v2\/types\/product"}],"version-history":[{"count":2,"href":"https:\/\/www.click-and-bike.com\/en\/wp-json\/wp\/v2\/product\/5333\/revisions"}],"predecessor-version":[{"id":5362,"href":"https:\/\/www.click-and-bike.com\/en\/wp-json\/wp\/v2\/product\/5333\/revisions\/5362"}],"wp:featuredmedia":[{"embeddable":true,"href":"https:\/\/www.click-and-bike.com\/en\/wp-json\/wp\/v2\/media\/4822"}],"wp:attachment":[{"href":"https:\/\/www.click-and-bike.com\/en\/wp-json\/wp\/v2\/media?parent=5333"}],"wp:term":[{"taxonomy":"product_brand","embeddable":true,"href":"https:\/\/www.click-and-bike.com\/en\/wp-json\/wp\/v2\/product_brand?post=5333"},{"taxonomy":"product_cat","embeddable":true,"href":"https:\/\/www.click-and-bike.com\/en\/wp-json\/wp\/v2\/product_cat?post=5333"},{"taxonomy":"product_tag","embeddable":true,"href":"https:\/\/www.click-and-bike.com\/en\/wp-json\/wp\/v2\/product_tag?post=5333"}],"curies":[{"name":"wp","href":"https:\/\/api.w.org\/{rel}","templated":true}]}}